{"id":6711,"date":"2018-05-25T10:47:21","date_gmt":"2018-05-25T10:47:21","guid":{"rendered":"http:\/\/guinnova.com\/?page_id=6711"},"modified":"2024-09-25T12:35:42","modified_gmt":"2024-09-25T12:35:42","slug":"diseno-ingenieria-electronica","status":"publish","type":"page","link":"https:\/\/guinaz.com\/en\/diseno-ingenieria-electronica\/","title":{"rendered":"Design and engineering"},"content":{"rendered":"<div  data-mk-full-width=\"true\" data-mk-full-width-init=\"false\" class=\"wpb_row vc_row vc_row-fluid  mk-fullwidth-true  attched-false    vc_custom_1622617865253  js-master-row\">\n\t\t\t<div class=\"mk-grid\">\n\t\t\t\t<style id=\"mk-shortcode-style-1\" type=\"text\/css\">. { }<\/style>\n<div class=\"vc_col-sm-12 wpb_column column_container   _ height-full\">\n\t\n<div id=\"padding-2\" class=\"mk-padding-divider   clearfix\"><\/div>\n\n<style id=\"mk-shortcode-style-2\" type=\"text\/css\">#padding-2 { height:60px; }<\/style><style id=\"mk-shortcode-style-3\" type=\"text\/css\">#text-block-3 { margin-bottom:0px; text-align:left; }<\/style>\t<div class=\"vc_custom_1622619666774\">\n\n<div id=\"text-block-3\" class=\"mk-text-block\">\n\n\t\n\t<h1 class=\"blanco\" style=\"text-align: center; text-transform: uppercase;\">ENGINEERING AND DESIGN<\/h1>\n\n\t<div class=\"clearboth\"><\/div>\n<\/div>\n\n\t<\/div>\n\n<div id=\"padding-4\" class=\"mk-padding-divider   clearfix\"><\/div>\n\n<style id=\"mk-shortcode-style-4\" type=\"text\/css\">#padding-4 { height:60px; }<\/style><\/div>\n\t\t\t<\/div>\n\t<\/div>\n<div class=\"vc_row-full-width vc_clearfix\"><\/div>\n<div  data-mk-stretch-content=\"true\" class=\"wpb_row vc_row vc_row-fluid  mk-fullwidth-false  attched-false     js-master-row  mk-grid\">\n\t\t\t\t<style id=\"mk-shortcode-style-5\" type=\"text\/css\">. { }<\/style>\n<div class=\"vc_col-sm-12 wpb_column column_container   _ height-full\">\n\t\n<div id=\"padding-6\" class=\"mk-padding-divider   clearfix\"><\/div>\n\n<style id=\"mk-shortcode-style-6\" type=\"text\/css\">#padding-6 { height:80px; }<\/style><\/div>\n\t<\/div>\n\n<div  data-mk-stretch-content=\"true\" class=\"wpb_row vc_row vc_row-fluid  mk-fullwidth-false  attched-false     js-master-row  mk-grid\">\n\t\t\t\t<style id=\"mk-shortcode-style-7\" type=\"text\/css\">. { }<\/style>\n<div class=\"vc_col-sm-6 wpb_column column_container   _ height-full\">\n\t<style id=\"mk-shortcode-style-8\" type=\"text\/css\">#text-block-8 { margin-bottom:0px; text-align:left; }<\/style>\t<div class=\"vc_custom_1719305584409\">\n\n<div id=\"text-block-8\" class=\"mk-text-block\">\n\n\t\n\t<h2 class=\"h3\">PRODUCT DEFINITION<\/h2>\n\n\t<div class=\"clearboth\"><\/div>\n<\/div>\n\n\t<\/div>\n<style id=\"mk-shortcode-style-9\" type=\"text\/css\">#list-9 {margin-bottom:30px} #list-9 ul li .mk-svg-icon { fill:#294698 }<\/style>\n<div id=\"list-9\" class=\"mk-list-styles  mk-align-none   clear\" data-charcode=\"mk-icon-caret-right\" data-family=\"\">\n\t\n\t\n\t<ul>\n<li><svg  class=\"mk-svg-icon\" data-name=\"mk-icon-caret-right\" data-cacheid=\"icon-69e16b9ab97fc\" style=\" height:16px; width: 5.7142857142857px; \"  xmlns=\"http:\/\/www.w3.org\/2000\/svg\" viewbox=\"0 0 640 1792\"><path d=\"M576 896q0 26-19 45l-448 448q-19 19-45 19t-45-19-19-45v-896q0-26 19-45t45-19 45 19l448 448q19 19 19 45z\"\/><\/svg>Conceptual development<\/li>\n<li><svg  class=\"mk-svg-icon\" data-name=\"mk-icon-caret-right\" data-cacheid=\"icon-69e16b9ab97fc\" style=\" height:16px; width: 5.7142857142857px; \"  xmlns=\"http:\/\/www.w3.org\/2000\/svg\" viewbox=\"0 0 640 1792\"><path d=\"M576 896q0 26-19 45l-448 448q-19 19-45 19t-45-19-19-45v-896q0-26 19-45t45-19 45 19l448 448q19 19 19 45z\"\/><\/svg>Requirements definition<\/li>\n<\/ul>\n\n<\/div><style id=\"mk-shortcode-style-10\" type=\"text\/css\">#text-block-10 { margin-bottom:0px; text-align:left; }<\/style>\t<div class=\"vc_custom_1719305686576\">\n\n<div id=\"text-block-10\" class=\"mk-text-block\">\n\n\t\n\t<h2 class=\"h3\">PRODUCT DESIGN<\/h2>\n\n\t<div class=\"clearboth\"><\/div>\n<\/div>\n\n\t<\/div>\n<style id=\"mk-shortcode-style-11\" type=\"text\/css\">#list-11 {margin-bottom:30px} #list-11 ul li .mk-svg-icon { fill:#294698 }<\/style>\n<div id=\"list-11\" class=\"mk-list-styles  mk-align-none   clear\" data-charcode=\"mk-icon-caret-right\" data-family=\"\">\n\t\n\t\n\t<ul>\n<li><svg  class=\"mk-svg-icon\" data-name=\"mk-icon-caret-right\" data-cacheid=\"icon-69e16b9ab9b10\" style=\" height:16px; width: 5.7142857142857px; \"  xmlns=\"http:\/\/www.w3.org\/2000\/svg\" viewbox=\"0 0 640 1792\"><path d=\"M576 896q0 26-19 45l-448 448q-19 19-45 19t-45-19-19-45v-896q0-26 19-45t45-19 45 19l448 448q19 19 19 45z\"\/><\/svg>Project management<\/li>\n<li><svg  class=\"mk-svg-icon\" data-name=\"mk-icon-caret-right\" data-cacheid=\"icon-69e16b9ab9b10\" style=\" height:16px; width: 5.7142857142857px; \"  xmlns=\"http:\/\/www.w3.org\/2000\/svg\" viewbox=\"0 0 640 1792\"><path d=\"M576 896q0 26-19 45l-448 448q-19 19-45 19t-45-19-19-45v-896q0-26 19-45t45-19 45 19l448 448q19 19 19 45z\"\/><\/svg>Product development (hardware\/software\/mechanics)<\/li>\n<\/ul>\n\n<\/div><style id=\"mk-shortcode-style-12\" type=\"text\/css\">#text-block-12 { margin-bottom:0px; text-align:left; }<\/style>\t<div class=\"vc_custom_1719305883778\">\n\n<div id=\"text-block-12\" class=\"mk-text-block\">\n\n\t\n\t<h2 class=\"h3\">DFMA ANALYSIS<\/h2>\n\n\t<div class=\"clearboth\"><\/div>\n<\/div>\n\n\t<\/div>\n<style id=\"mk-shortcode-style-13\" type=\"text\/css\">#list-13 {margin-bottom:30px} #list-13 ul li .mk-svg-icon { fill:#294698 }<\/style>\n<div id=\"list-13\" class=\"mk-list-styles  mk-align-none   clear\" data-charcode=\"mk-icon-caret-right\" data-family=\"\">\n\t\n\t\n\t<ul>\n<li><svg  class=\"mk-svg-icon\" data-name=\"mk-icon-caret-right\" data-cacheid=\"icon-69e16b9ab9d77\" style=\" height:16px; width: 5.7142857142857px; \"  xmlns=\"http:\/\/www.w3.org\/2000\/svg\" viewbox=\"0 0 640 1792\"><path d=\"M576 896q0 26-19 45l-448 448q-19 19-45 19t-45-19-19-45v-896q0-26 19-45t45-19 45 19l448 448q19 19 19 45z\"\/><\/svg>Manufacturability analysis<\/li>\n<li><svg  class=\"mk-svg-icon\" data-name=\"mk-icon-caret-right\" data-cacheid=\"icon-69e16b9ab9d77\" style=\" height:16px; width: 5.7142857142857px; \"  xmlns=\"http:\/\/www.w3.org\/2000\/svg\" viewbox=\"0 0 640 1792\"><path d=\"M576 896q0 26-19 45l-448 448q-19 19-45 19t-45-19-19-45v-896q0-26 19-45t45-19 45 19l448 448q19 19 19 45z\"\/><\/svg>Testability analysis<\/li>\n<li><svg  class=\"mk-svg-icon\" data-name=\"mk-icon-caret-right\" data-cacheid=\"icon-69e16b9ab9d77\" style=\" height:16px; width: 5.7142857142857px; \"  xmlns=\"http:\/\/www.w3.org\/2000\/svg\" viewbox=\"0 0 640 1792\"><path d=\"M576 896q0 26-19 45l-448 448q-19 19-45 19t-45-19-19-45v-896q0-26 19-45t45-19 45 19l448 448q19 19 19 45z\"\/><\/svg>Report including improvement suggestions<\/li>\n<\/ul>\n\n<\/div><style id=\"mk-shortcode-style-14\" type=\"text\/css\">#text-block-14 { margin-bottom:0px; text-align:left; }<\/style>\t<div class=\"vc_custom_1719305920757\">\n\n<div id=\"text-block-14\" class=\"mk-text-block\">\n\n\t\n\t<h2 class=\"h3\">BOM ANALYSIS<\/h2>\n\n\t<div class=\"clearboth\"><\/div>\n<\/div>\n\n\t<\/div>\n<style id=\"mk-shortcode-style-15\" type=\"text\/css\">#list-15 {margin-bottom:30px} #list-15 ul li .mk-svg-icon { fill:#294698 }<\/style>\n<div id=\"list-15\" class=\"mk-list-styles  mk-align-none   clear\" data-charcode=\"mk-icon-caret-right\" data-family=\"\">\n\t\n\t\n\t<ul>\n<li><svg  class=\"mk-svg-icon\" data-name=\"mk-icon-caret-right\" data-cacheid=\"icon-69e16b9ab9fad\" style=\" height:16px; width: 5.7142857142857px; \"  xmlns=\"http:\/\/www.w3.org\/2000\/svg\" viewbox=\"0 0 640 1792\"><path d=\"M576 896q0 26-19 45l-448 448q-19 19-45 19t-45-19-19-45v-896q0-26 19-45t45-19 45 19l448 448q19 19 19 45z\"\/><\/svg>Status component evaluation<\/li>\n<li><svg  class=\"mk-svg-icon\" data-name=\"mk-icon-caret-right\" data-cacheid=\"icon-69e16b9ab9fad\" style=\" height:16px; width: 5.7142857142857px; \"  xmlns=\"http:\/\/www.w3.org\/2000\/svg\" viewbox=\"0 0 640 1792\"><path d=\"M576 896q0 26-19 45l-448 448q-19 19-45 19t-45-19-19-45v-896q0-26 19-45t45-19 45 19l448 448q19 19 19 45z\"\/><\/svg>Alternative components proposal<\/li>\n<li><svg  class=\"mk-svg-icon\" data-name=\"mk-icon-caret-right\" data-cacheid=\"icon-69e16b9ab9fad\" style=\" height:16px; width: 5.7142857142857px; \"  xmlns=\"http:\/\/www.w3.org\/2000\/svg\" viewbox=\"0 0 640 1792\"><path d=\"M576 896q0 26-19 45l-448 448q-19 19-45 19t-45-19-19-45v-896q0-26 19-45t45-19 45 19l448 448q19 19 19 45z\"\/><\/svg>Active Materials BOM Monitoring<\/li>\n<li><svg  class=\"mk-svg-icon\" data-name=\"mk-icon-caret-right\" data-cacheid=\"icon-69e16b9ab9fad\" style=\" height:16px; width: 5.7142857142857px; \"  xmlns=\"http:\/\/www.w3.org\/2000\/svg\" viewbox=\"0 0 640 1792\"><path d=\"M576 896q0 26-19 45l-448 448q-19 19-45 19t-45-19-19-45v-896q0-26 19-45t45-19 45 19l448 448q19 19 19 45z\"\/><\/svg>Improvement suggestions communication<\/li>\n<\/ul>\n\n<\/div><style id=\"mk-shortcode-style-16\" type=\"text\/css\">#text-block-16 { margin-bottom:0px; text-align:left; }<\/style>\t<div class=\"vc_custom_1719305977896\">\n\n<div id=\"text-block-16\" class=\"mk-text-block\">\n\n\t\n\t<h2 class=\"h3\">PROTOTYPING<\/h2>\n\n\t<div class=\"clearboth\"><\/div>\n<\/div>\n\n\t<\/div>\n<style id=\"mk-shortcode-style-17\" type=\"text\/css\">#list-17 {margin-bottom:30px} #list-17 ul li .mk-svg-icon { fill:#294698 }<\/style>\n<div id=\"list-17\" class=\"mk-list-styles  mk-align-none   clear\" data-charcode=\"mk-icon-caret-right\" data-family=\"\">\n\t\n\t\n\t<ul>\n<li><svg  class=\"mk-svg-icon\" data-name=\"mk-icon-caret-right\" data-cacheid=\"icon-69e16b9aba208\" style=\" height:16px; width: 5.7142857142857px; \"  xmlns=\"http:\/\/www.w3.org\/2000\/svg\" viewbox=\"0 0 640 1792\"><path d=\"M576 896q0 26-19 45l-448 448q-19 19-45 19t-45-19-19-45v-896q0-26 19-45t45-19 45 19l448 448q19 19 19 45z\"\/><\/svg>Prototype Assembly<\/li>\n<li><svg  class=\"mk-svg-icon\" data-name=\"mk-icon-caret-right\" data-cacheid=\"icon-69e16b9aba208\" style=\" height:16px; width: 5.7142857142857px; \"  xmlns=\"http:\/\/www.w3.org\/2000\/svg\" viewbox=\"0 0 640 1792\"><path d=\"M576 896q0 26-19 45l-448 448q-19 19-45 19t-45-19-19-45v-896q0-26 19-45t45-19 45 19l448 448q19 19 19 45z\"\/><\/svg>Improvement suggestions communication<\/li>\n<\/ul>\n\n<\/div><\/div>\n<style id=\"mk-shortcode-style-18\" type=\"text\/css\">. { }<\/style>\n<div class=\"vc_col-sm-6 wpb_column column_container   _ height-full\">\n\t\n\t<div class=\"wpb_raw_code wpb_content_element wpb_raw_html\" >\n\t\t<div class=\"wpb_wrapper\">\n\t\t\t<div class=\"container\">\n        <div class=\"column active\" id=\"development\"><\/div>\n        <div class=\"column\" id=\"industrialization\" onclick=\"location.href='https:\/\/guinaz.com\/en\/?page_id=19694'\" aria-label=\"Industrialization\"><\/div>\n        <div class=\"column\" id=\"manufacturing\" onclick=\"location.href='https:\/\/guinaz.com\/en\/?page_id=19696'\" aria-label=\"Serial production\"><\/div>\n        <div class=\"column\" id=\"maintenance\" onclick=\"location.href='https:\/\/guinaz.com\/en\/?page_id=19698'\" aria-label=\"Maintenance & Support\"><\/div>\n        <img decoding=\"async\" src=\"https:\/\/guinaz.com\/wp-content\/uploads\/2024\/08\/service_map_en.png\" alt=\"Services Map\" class=\"background-image\">\n<\/div>\n\t\t<\/div>\n\t<\/div>\n<\/div>\n\t<\/div>\n\n<div  data-mk-stretch-content=\"true\" class=\"wpb_row vc_row vc_row-fluid  mk-fullwidth-false  attched-false     js-master-row  mk-grid\">\n\t\t\t\t<style id=\"mk-shortcode-style-19\" type=\"text\/css\">. { }<\/style>\n<div class=\"vc_col-sm-12 wpb_column column_container   _ height-full\">\n\t\n<div id=\"padding-20\" class=\"mk-padding-divider   clearfix\"><\/div>\n\n<style id=\"mk-shortcode-style-20\" type=\"text\/css\">#padding-20 { height:40px; }<\/style><\/div>\n\t<\/div>","protected":false},"excerpt":{"rendered":". { } #padding-22 { height:60px; }#text-block-23 { margin-bottom:0px; text-align:left; } Dise\u00f1o E INGENIER\u00cdA #padding-24 { height:60px; } . { } #padding-26 { height:80px; } . { } #text-block-28 { margin-bottom:0px; text-align:left; } DEFINICI\u00d3N PRODUCTO #list-29 {margin-bottom:30px} #list-29 ul li .mk-svg-icon { fill:#294698 } Desarrollo conceptual Definici\u00f3n de requisitos #text-block-30 { margin-bottom:0px; text-align:left; } DISE\u00d1O [...]","protected":false},"author":1,"featured_media":0,"parent":0,"menu_order":0,"comment_status":"closed","ping_status":"closed","template":"","meta":{"footnotes":""},"class_list":["post-6711","page","type-page","status-publish","hentry"],"_links":{"self":[{"href":"https:\/\/guinaz.com\/en\/wp-json\/wp\/v2\/pages\/6711","targetHints":{"allow":["GET"]}}],"collection":[{"href":"https:\/\/guinaz.com\/en\/wp-json\/wp\/v2\/pages"}],"about":[{"href":"https:\/\/guinaz.com\/en\/wp-json\/wp\/v2\/types\/page"}],"author":[{"embeddable":true,"href":"https:\/\/guinaz.com\/en\/wp-json\/wp\/v2\/users\/1"}],"replies":[{"embeddable":true,"href":"https:\/\/guinaz.com\/en\/wp-json\/wp\/v2\/comments?post=6711"}],"version-history":[{"count":37,"href":"https:\/\/guinaz.com\/en\/wp-json\/wp\/v2\/pages\/6711\/revisions"}],"predecessor-version":[{"id":19919,"href":"https:\/\/guinaz.com\/en\/wp-json\/wp\/v2\/pages\/6711\/revisions\/19919"}],"wp:attachment":[{"href":"https:\/\/guinaz.com\/en\/wp-json\/wp\/v2\/media?parent=6711"}],"curies":[{"name":"wp","href":"https:\/\/api.w.org\/{rel}","templated":true}]}}